{"id":2083,"date":"2021-07-01T17:39:01","date_gmt":"2021-07-01T15:39:01","guid":{"rendered":"https:\/\/kostlin.de\/?page_id=2083"},"modified":"2025-05-26T12:07:00","modified_gmt":"2025-05-26T10:07:00","slug":"druckspezifische-retusche","status":"publish","type":"page","link":"https:\/\/kostlin.de\/en\/services\/reproduktion\/druckspezifische-retusche\/","title":{"rendered":"Print specific retouching"},"content":{"rendered":"<div data-elementor-type=\"wp-page\" data-elementor-id=\"2083\" class=\"elementor elementor-2083\" data-elementor-post-type=\"page\">\n\t\t\t\t\t\t<section class=\"elementor-section elementor-top-section elementor-element elementor-element-7062a01 elementor-section-full_width elementor-section-height-default elementor-section-height-default wpr-particle-no wpr-jarallax-no wpr-parallax-no wpr-sticky-section-no\" data-id=\"7062a01\" data-element_type=\"section\" data-settings=\"{&quot;background_background&quot;:&quot;classic&quot;}\">\n\t\t\t\t\t\t<div class=\"elementor-container elementor-column-gap-default\">\n\t\t\t\t\t<div class=\"elementor-column elementor-col-50 elementor-top-column elementor-element elementor-element-45df83e\" data-id=\"45df83e\" data-element_type=\"column\" data-settings=\"{&quot;background_background&quot;:&quot;classic&quot;}\">\n\t\t\t<div class=\"elementor-widget-wrap elementor-element-populated\">\n\t\t\t\t\t\t<div class=\"elementor-element elementor-element-0eebf27 elementor-widget elementor-widget-spacer\" data-id=\"0eebf27\" data-element_type=\"widget\" data-widget_type=\"spacer.default\">\n\t\t\t\t<div class=\"elementor-widget-container\">\n\t\t\t\t\t\t\t<div class=\"elementor-spacer\">\n\t\t\t<div class=\"elementor-spacer-inner\"><\/div>\n\t\t<\/div>\n\t\t\t\t\t\t<\/div>\n\t\t\t\t<\/div>\n\t\t\t\t\t<\/div>\n\t\t<\/div>\n\t\t\t\t<div class=\"elementor-column elementor-col-50 elementor-top-column elementor-element elementor-element-0790c29\" data-id=\"0790c29\" data-element_type=\"column\" data-settings=\"{&quot;background_background&quot;:&quot;classic&quot;}\">\n\t\t\t<div class=\"elementor-widget-wrap elementor-element-populated\">\n\t\t\t\t\t<div class=\"elementor-background-overlay\"><\/div>\n\t\t\t\t\t\t<section class=\"elementor-section elementor-inner-section elementor-element elementor-element-90a1653 elementor-section-boxed elementor-section-height-default elementor-section-height-default wpr-particle-no wpr-jarallax-no wpr-parallax-no wpr-sticky-section-no\" data-id=\"90a1653\" data-element_type=\"section\">\n\t\t\t\t\t\t<div class=\"elementor-container elementor-column-gap-default\">\n\t\t\t\t\t<div class=\"elementor-column elementor-col-100 elementor-inner-column elementor-element elementor-element-f2bd82c\" data-id=\"f2bd82c\" data-element_type=\"column\" data-settings=\"{&quot;background_background&quot;:&quot;classic&quot;}\">\n\t\t\t<div class=\"elementor-widget-wrap elementor-element-populated\">\n\t\t\t\t\t\t<div class=\"elementor-element elementor-element-b81cabb elementor-widget elementor-widget-heading\" data-id=\"b81cabb\" data-element_type=\"widget\" data-widget_type=\"heading.default\">\n\t\t\t\t<div class=\"elementor-widget-container\">\n\t\t\t\t\t<p class=\"elementor-heading-title elementor-size-default\">Services<\/p>\t\t\t\t<\/div>\n\t\t\t\t<\/div>\n\t\t\t\t<div class=\"elementor-element elementor-element-13a5cab elementor-widget elementor-widget-heading\" data-id=\"13a5cab\" data-element_type=\"widget\" data-widget_type=\"heading.default\">\n\t\t\t\t<div class=\"elementor-widget-container\">\n\t\t\t\t\t<h1 class=\"elementor-heading-title elementor-size-default\">Print specific retouching<\/h1>\t\t\t\t<\/div>\n\t\t\t\t<\/div>\n\t\t\t\t\t<\/div>\n\t\t<\/div>\n\t\t\t\t\t<\/div>\n\t\t<\/section>\n\t\t\t\t\t<\/div>\n\t\t<\/div>\n\t\t\t\t\t<\/div>\n\t\t<\/section>\n\t\t\t\t<section class=\"elementor-section elementor-top-section elementor-element elementor-element-5b86021 elementor-section-boxed elementor-section-height-default elementor-section-height-default wpr-particle-no wpr-jarallax-no wpr-parallax-no wpr-sticky-section-no\" data-id=\"5b86021\" data-element_type=\"section\">\n\t\t\t\t\t\t\t<div class=\"elementor-background-overlay\"><\/div>\n\t\t\t\t\t\t\t<div class=\"elementor-container elementor-column-gap-default\">\n\t\t\t\t\t<section class=\"elementor-column elementor-col-100 elementor-top-column elementor-element elementor-element-eadd5de\" data-id=\"eadd5de\" data-element_type=\"column\">\n\t\t\t<div class=\"elementor-widget-wrap elementor-element-populated\">\n\t\t\t\t\t\t<div class=\"elementor-element elementor-element-8bab663 stroke elementor-widget elementor-widget-heading\" data-id=\"8bab663\" data-element_type=\"widget\" data-widget_type=\"heading.default\">\n\t\t\t\t<div class=\"elementor-widget-container\">\n\t\t\t\t\t<h2 class=\"elementor-heading-title elementor-size-default\">Print-specific image processing<\/h2>\t\t\t\t<\/div>\n\t\t\t\t<\/div>\n\t\t\t\t<section class=\"elementor-section elementor-inner-section elementor-element elementor-element-c98415e elementor-section-full_width elementor-reverse-tablet elementor-reverse-mobile elementor-section-height-default elementor-section-height-default wpr-particle-no wpr-jarallax-no wpr-parallax-no wpr-sticky-section-no\" data-id=\"c98415e\" data-element_type=\"section\">\n\t\t\t\t\t\t<div class=\"elementor-container elementor-column-gap-default\">\n\t\t\t\t\t<div class=\"elementor-column elementor-col-50 elementor-inner-column elementor-element elementor-element-09de9a9\" data-id=\"09de9a9\" data-element_type=\"column\">\n\t\t\t<div class=\"elementor-widget-wrap elementor-element-populated\">\n\t\t\t\t\t\t<div class=\"elementor-element elementor-element-41eff30 unfold-texte elementor-widget elementor-widget-text-editor\" data-id=\"41eff30\" data-element_type=\"widget\" data-widget_type=\"text-editor.default\">\n\t\t\t\t<div class=\"elementor-widget-container\">\n\t\t\t\t\t\t\t\t\t<p>Print-specific retouching is an important process component of our <strong>In-house image processing. <\/strong>It is specially tailored to the requirements and properties of the print. Images are adapted so that they are shown to their best advantage in printed form. This can include adjusting colours, contrasts and sharpness to ensure that the packaging design achieves the desired quality and impact.<\/p><p>An important aspect of print-specific retouching is the <strong>Consideration of the printing process, <\/strong>be it offset printing, flexographic printing, digital printing or direct cup printing. Each of these printing processes has its own special features, which are taken into account by our experienced retouching team when processing all motifs.\u00a0<\/p><p>Through the <strong>Optimised adaptation of the design data<\/strong> We maximise brand consistency by adapting the printing environment and working closely with our printing partners.<\/p><p><a href=\"https:\/\/kostlin.de\/en\/services\/design-artwork\/retusche\/\">Learn more about high-end image retouching<\/a><\/p>\t\t\t\t\t\t\t\t<\/div>\n\t\t\t\t<\/div>\n\t\t\t\t\t<\/div>\n\t\t<\/div>\n\t\t\t\t<div class=\"elementor-column elementor-col-50 elementor-inner-column elementor-element elementor-element-207ac0d\" data-id=\"207ac0d\" data-element_type=\"column\" data-settings=\"{&quot;background_background&quot;:&quot;classic&quot;}\">\n\t\t\t<div class=\"elementor-widget-wrap elementor-element-populated\">\n\t\t\t\t\t\t<div class=\"elementor-element elementor-element-439f4e4 elementor-widget elementor-widget-spacer\" data-id=\"439f4e4\" data-element_type=\"widget\" data-widget_type=\"spacer.default\">\n\t\t\t\t<div class=\"elementor-widget-container\">\n\t\t\t\t\t\t\t<div class=\"elementor-spacer\">\n\t\t\t<div class=\"elementor-spacer-inner\"><\/div>\n\t\t<\/div>\n\t\t\t\t\t\t<\/div>\n\t\t\t\t<\/div>\n\t\t\t\t\t<\/div>\n\t\t<\/div>\n\t\t\t\t\t<\/div>\n\t\t<\/section>\n\t\t\t\t\t<\/div>\n\t\t<\/section>\n\t\t\t\t\t<\/div>\n\t\t<\/section>\n\t\t\t\t<\/div>","protected":false},"excerpt":{"rendered":"<p>Services Print-specific retouching Print-specific image editing Print-specific retouching is an important part of our in-house image editing process. It is specially tailored to the requirements and characteristics of the print. Images are adjusted so that they are shown to their best advantage in printed form. This can include adjusting colours, contrast and sharpness to ensure that the packaging design achieves the desired quality and impact. An important aspect of print-specific retouching is to consider the printing process, be it offset printing, flexo printing, digital printing or direct cup printing. Each of these printing processes has its own special features, which our experienced retouching team takes into account when processing all motifs.  By optimally adapting the design data to the printing environment and working closely with our printing partners, we ensure maximum brand consistency. Find out more about high-end image retouching<\/p>","protected":false},"author":1,"featured_media":149,"parent":25,"menu_order":0,"comment_status":"closed","ping_status":"closed","template":"elementor_header_footer","meta":{"_lmt_disableupdate":"","_lmt_disable":"","footnotes":""},"class_list":["post-2083","page","type-page","status-publish","has-post-thumbnail","hentry"],"yoast_head":"<!-- This site is optimized with the Yoast SEO Premium plugin v26.4 (Yoast SEO v26.4) - https:\/\/yoast.com\/wordpress\/plugins\/seo\/ -->\n<title>Druckspezifische Retusche I Druckvorstufe<\/title>\n<meta name=\"description\" content=\"Durch druckspezifische Retusche sorgen wir daf\u00fcr, dass Ihr Design f\u00fcr das ausgew\u00e4hlte Druckverfahren optimiert wird.\" \/>\n<meta name=\"robots\" content=\"index, follow, max-snippet:-1, max-image-preview:large, max-video-preview:-1\" \/>\n<link rel=\"canonical\" href=\"https:\/\/kostlin.de\/en\/services\/reproduktion\/druckspezifische-retusche\/\" \/>\n<meta property=\"og:locale\" content=\"en_GB\" \/>\n<meta property=\"og:type\" content=\"article\" \/>\n<meta property=\"og:title\" content=\"Druckspezifische Retusche\" \/>\n<meta property=\"og:description\" content=\"Durch druckspezifische Retusche sorgen wir daf\u00fcr, dass Ihr Design f\u00fcr das ausgew\u00e4hlte Druckverfahren optimiert wird.\" \/>\n<meta property=\"og:url\" content=\"https:\/\/kostlin.de\/en\/services\/reproduktion\/druckspezifische-retusche\/\" \/>\n<meta property=\"og:site_name\" content=\"K\u00f6stlin\" \/>\n<meta property=\"article:publisher\" content=\"https:\/\/www.facebook.com\/KoestlinPrepress\/?ref=nf\" \/>\n<meta property=\"article:modified_time\" content=\"2025-05-26T10:07:00+00:00\" \/>\n<meta property=\"og:image\" content=\"https:\/\/kostlin.de\/wp-content\/uploads\/2021\/01\/favicon-koestlin-prepress-services-01.png\" \/>\n\t<meta property=\"og:image:width\" content=\"512\" \/>\n\t<meta property=\"og:image:height\" content=\"512\" \/>\n\t<meta property=\"og:image:type\" content=\"image\/webp\" \/>\n<meta name=\"twitter:card\" content=\"summary_large_image\" \/>\n<meta name=\"twitter:label1\" content=\"Estimated reading time\" \/>\n\t<meta name=\"twitter:data1\" content=\"1 minute\" \/>\n<script type=\"application\/ld+json\" class=\"yoast-schema-graph\">{\"@context\":\"https:\/\/schema.org\",\"@graph\":[{\"@type\":\"WebPage\",\"@id\":\"https:\/\/kostlin.de\/services\/reproduktion\/druckspezifische-retusche\/\",\"url\":\"https:\/\/kostlin.de\/services\/reproduktion\/druckspezifische-retusche\/\",\"name\":\"Druckspezifische Retusche I Druckvorstufe\",\"isPartOf\":{\"@id\":\"https:\/\/kostlin.de\/#website\"},\"primaryImageOfPage\":{\"@id\":\"https:\/\/kostlin.de\/services\/reproduktion\/druckspezifische-retusche\/#primaryimage\"},\"image\":{\"@id\":\"https:\/\/kostlin.de\/services\/reproduktion\/druckspezifische-retusche\/#primaryimage\"},\"thumbnailUrl\":\"https:\/\/kostlin.de\/wp-content\/uploads\/2021\/01\/favicon-koestlin-prepress-services-01.png\",\"datePublished\":\"2021-07-01T15:39:01+00:00\",\"dateModified\":\"2025-05-26T10:07:00+00:00\",\"description\":\"Durch druckspezifische Retusche sorgen wir daf\u00fcr, dass Ihr Design f\u00fcr das ausgew\u00e4hlte Druckverfahren optimiert wird.\",\"breadcrumb\":{\"@id\":\"https:\/\/kostlin.de\/services\/reproduktion\/druckspezifische-retusche\/#breadcrumb\"},\"inLanguage\":\"en-GB\",\"potentialAction\":[{\"@type\":\"ReadAction\",\"target\":[\"https:\/\/kostlin.de\/services\/reproduktion\/druckspezifische-retusche\/\"]}]},{\"@type\":\"ImageObject\",\"inLanguage\":\"en-GB\",\"@id\":\"https:\/\/kostlin.de\/services\/reproduktion\/druckspezifische-retusche\/#primaryimage\",\"url\":\"https:\/\/kostlin.de\/wp-content\/uploads\/2021\/01\/favicon-koestlin-prepress-services-01.png\",\"contentUrl\":\"https:\/\/kostlin.de\/wp-content\/uploads\/2021\/01\/favicon-koestlin-prepress-services-01.png\",\"width\":512,\"height\":512,\"caption\":\"Logo\"},{\"@type\":\"BreadcrumbList\",\"@id\":\"https:\/\/kostlin.de\/services\/reproduktion\/druckspezifische-retusche\/#breadcrumb\",\"itemListElement\":[{\"@type\":\"ListItem\",\"position\":1,\"name\":\"Startseite\",\"item\":\"https:\/\/kostlin.de\/\"},{\"@type\":\"ListItem\",\"position\":2,\"name\":\"Services\",\"item\":\"https:\/\/kostlin.de\/services\/\"},{\"@type\":\"ListItem\",\"position\":3,\"name\":\"Reproduktion\",\"item\":\"https:\/\/kostlin.de\/services\/reproduktion\/\"},{\"@type\":\"ListItem\",\"position\":4,\"name\":\"Druckspezifische Retusche\"}]},{\"@type\":\"WebSite\",\"@id\":\"https:\/\/kostlin.de\/#website\",\"url\":\"https:\/\/kostlin.de\/\",\"name\":\"K\u00f6stlin\",\"description\":\"Prepress Services\",\"publisher\":{\"@id\":\"https:\/\/kostlin.de\/#organization\"},\"potentialAction\":[{\"@type\":\"SearchAction\",\"target\":{\"@type\":\"EntryPoint\",\"urlTemplate\":\"https:\/\/kostlin.de\/?s={search_term_string}\"},\"query-input\":{\"@type\":\"PropertyValueSpecification\",\"valueRequired\":true,\"valueName\":\"search_term_string\"}}],\"inLanguage\":\"en-GB\"},{\"@type\":\"Organization\",\"@id\":\"https:\/\/kostlin.de\/#organization\",\"name\":\"K\u00f6stlin\",\"url\":\"https:\/\/kostlin.de\/\",\"logo\":{\"@type\":\"ImageObject\",\"inLanguage\":\"en-GB\",\"@id\":\"https:\/\/kostlin.de\/#\/schema\/logo\/image\/\",\"url\":\"https:\/\/kostlin.de\/wp-content\/uploads\/2020\/12\/Koestlin-web.webp\",\"contentUrl\":\"https:\/\/kostlin.de\/wp-content\/uploads\/2020\/12\/Koestlin-web.webp\",\"width\":265,\"height\":80,\"caption\":\"K\u00f6stlin\"},\"image\":{\"@id\":\"https:\/\/kostlin.de\/#\/schema\/logo\/image\/\"},\"sameAs\":[\"https:\/\/www.facebook.com\/KoestlinPrepress\/?ref=nf\",\"https:\/\/www.instagram.com\/kostlin_prepress\/?hl=de\",\"https:\/\/www.youtube.com\/watch?v=xELYEWc5ZVQ&amp;amp;amp;amp;t=35s\"]}]}<\/script>\n<!-- \/ Yoast SEO Premium plugin. -->","yoast_head_json":{"title":"Print-specific retouching I Prepress","description":"Through print-specific retouching, we ensure that your design is optimised for the selected printing process.","robots":{"index":"index","follow":"follow","max-snippet":"max-snippet:-1","max-image-preview":"max-image-preview:large","max-video-preview":"max-video-preview:-1"},"canonical":"https:\/\/kostlin.de\/en\/services\/reproduktion\/druckspezifische-retusche\/","og_locale":"en_GB","og_type":"article","og_title":"Druckspezifische Retusche","og_description":"Durch druckspezifische Retusche sorgen wir daf\u00fcr, dass Ihr Design f\u00fcr das ausgew\u00e4hlte Druckverfahren optimiert wird.","og_url":"https:\/\/kostlin.de\/en\/services\/reproduktion\/druckspezifische-retusche\/","og_site_name":"K\u00f6stlin","article_publisher":"https:\/\/www.facebook.com\/KoestlinPrepress\/?ref=nf","article_modified_time":"2025-05-26T10:07:00+00:00","og_image":[{"width":512,"height":512,"url":"https:\/\/kostlin.de\/wp-content\/uploads\/2021\/01\/favicon-koestlin-prepress-services-01.png","type":"image\/webp"}],"twitter_card":"summary_large_image","twitter_misc":{"Estimated reading time":"1 minute"},"schema":{"@context":"https:\/\/schema.org","@graph":[{"@type":"WebPage","@id":"https:\/\/kostlin.de\/services\/reproduktion\/druckspezifische-retusche\/","url":"https:\/\/kostlin.de\/services\/reproduktion\/druckspezifische-retusche\/","name":"Print-specific retouching I Prepress","isPartOf":{"@id":"https:\/\/kostlin.de\/#website"},"primaryImageOfPage":{"@id":"https:\/\/kostlin.de\/services\/reproduktion\/druckspezifische-retusche\/#primaryimage"},"image":{"@id":"https:\/\/kostlin.de\/services\/reproduktion\/druckspezifische-retusche\/#primaryimage"},"thumbnailUrl":"https:\/\/kostlin.de\/wp-content\/uploads\/2021\/01\/favicon-koestlin-prepress-services-01.png","datePublished":"2021-07-01T15:39:01+00:00","dateModified":"2025-05-26T10:07:00+00:00","description":"Through print-specific retouching, we ensure that your design is optimised for the selected printing process.","breadcrumb":{"@id":"https:\/\/kostlin.de\/services\/reproduktion\/druckspezifische-retusche\/#breadcrumb"},"inLanguage":"en-GB","potentialAction":[{"@type":"ReadAction","target":["https:\/\/kostlin.de\/services\/reproduktion\/druckspezifische-retusche\/"]}]},{"@type":"ImageObject","inLanguage":"en-GB","@id":"https:\/\/kostlin.de\/services\/reproduktion\/druckspezifische-retusche\/#primaryimage","url":"https:\/\/kostlin.de\/wp-content\/uploads\/2021\/01\/favicon-koestlin-prepress-services-01.png","contentUrl":"https:\/\/kostlin.de\/wp-content\/uploads\/2021\/01\/favicon-koestlin-prepress-services-01.png","width":512,"height":512,"caption":"Logo"},{"@type":"BreadcrumbList","@id":"https:\/\/kostlin.de\/services\/reproduktion\/druckspezifische-retusche\/#breadcrumb","itemListElement":[{"@type":"ListItem","position":1,"name":"Startseite","item":"https:\/\/kostlin.de\/"},{"@type":"ListItem","position":2,"name":"Services","item":"https:\/\/kostlin.de\/services\/"},{"@type":"ListItem","position":3,"name":"Reproduktion","item":"https:\/\/kostlin.de\/services\/reproduktion\/"},{"@type":"ListItem","position":4,"name":"Druckspezifische Retusche"}]},{"@type":"WebSite","@id":"https:\/\/kostlin.de\/#website","url":"https:\/\/kostlin.de\/","name":"K\u00f6stlin","description":"Prepress Services","publisher":{"@id":"https:\/\/kostlin.de\/#organization"},"potentialAction":[{"@type":"SearchAction","target":{"@type":"EntryPoint","urlTemplate":"https:\/\/kostlin.de\/?s={search_term_string}"},"query-input":{"@type":"PropertyValueSpecification","valueRequired":true,"valueName":"search_term_string"}}],"inLanguage":"en-GB"},{"@type":"Organization","@id":"https:\/\/kostlin.de\/#organization","name":"K\u00f6stlin","url":"https:\/\/kostlin.de\/","logo":{"@type":"ImageObject","inLanguage":"en-GB","@id":"https:\/\/kostlin.de\/#\/schema\/logo\/image\/","url":"https:\/\/kostlin.de\/wp-content\/uploads\/2020\/12\/Koestlin-web.webp","contentUrl":"https:\/\/kostlin.de\/wp-content\/uploads\/2020\/12\/Koestlin-web.webp","width":265,"height":80,"caption":"K\u00f6stlin"},"image":{"@id":"https:\/\/kostlin.de\/#\/schema\/logo\/image\/"},"sameAs":["https:\/\/www.facebook.com\/KoestlinPrepress\/?ref=nf","https:\/\/www.instagram.com\/kostlin_prepress\/?hl=de","https:\/\/www.youtube.com\/watch?v=xELYEWc5ZVQ&amp;amp;amp;amp;t=35s"]}]}},"_links":{"self":[{"href":"https:\/\/kostlin.de\/en\/wp-json\/wp\/v2\/pages\/2083","targetHints":{"allow":["GET"]}}],"collection":[{"href":"https:\/\/kostlin.de\/en\/wp-json\/wp\/v2\/pages"}],"about":[{"href":"https:\/\/kostlin.de\/en\/wp-json\/wp\/v2\/types\/page"}],"author":[{"embeddable":true,"href":"https:\/\/kostlin.de\/en\/wp-json\/wp\/v2\/users\/1"}],"replies":[{"embeddable":true,"href":"https:\/\/kostlin.de\/en\/wp-json\/wp\/v2\/comments?post=2083"}],"version-history":[{"count":27,"href":"https:\/\/kostlin.de\/en\/wp-json\/wp\/v2\/pages\/2083\/revisions"}],"predecessor-version":[{"id":8573,"href":"https:\/\/kostlin.de\/en\/wp-json\/wp\/v2\/pages\/2083\/revisions\/8573"}],"up":[{"embeddable":true,"href":"https:\/\/kostlin.de\/en\/wp-json\/wp\/v2\/pages\/25"}],"wp:featuredmedia":[{"embeddable":true,"href":"https:\/\/kostlin.de\/en\/wp-json\/wp\/v2\/media\/149"}],"wp:attachment":[{"href":"https:\/\/kostlin.de\/en\/wp-json\/wp\/v2\/media?parent=2083"}],"curies":[{"name":"wp","href":"https:\/\/api.w.org\/{rel}","templated":true}]}}