{"id":2144,"date":"2021-07-02T11:35:30","date_gmt":"2021-07-02T09:35:30","guid":{"rendered":"https:\/\/kostlin.de\/?page_id=2144"},"modified":"2024-10-17T13:08:40","modified_gmt":"2024-10-17T11:08:40","slug":"filmbelichtung","status":"publish","type":"page","link":"https:\/\/kostlin.de\/en\/services\/druckformherstellung\/filmbelichtung\/","title":{"rendered":"Film exposure"},"content":{"rendered":"<div data-elementor-type=\"wp-page\" data-elementor-id=\"2144\" class=\"elementor elementor-2144\" data-elementor-post-type=\"page\">\n\t\t\t\t\t\t<section class=\"elementor-section elementor-top-section elementor-element elementor-element-8df4732 elementor-section-full_width elementor-section-height-default elementor-section-height-default wpr-particle-no wpr-jarallax-no wpr-parallax-no wpr-sticky-section-no\" data-id=\"8df4732\" data-element_type=\"section\" data-settings=\"{&quot;background_background&quot;:&quot;classic&quot;}\">\n\t\t\t\t\t\t<div class=\"elementor-container elementor-column-gap-default\">\n\t\t\t\t\t<div class=\"elementor-column elementor-col-50 elementor-top-column elementor-element elementor-element-777f64a\" data-id=\"777f64a\" data-element_type=\"column\" data-settings=\"{&quot;background_background&quot;:&quot;classic&quot;}\">\n\t\t\t<div class=\"elementor-widget-wrap elementor-element-populated\">\n\t\t\t\t\t\t<div class=\"elementor-element elementor-element-fee6560 elementor-widget elementor-widget-spacer\" data-id=\"fee6560\" data-element_type=\"widget\" data-widget_type=\"spacer.default\">\n\t\t\t\t<div class=\"elementor-widget-container\">\n\t\t\t\t\t\t\t<div class=\"elementor-spacer\">\n\t\t\t<div class=\"elementor-spacer-inner\"><\/div>\n\t\t<\/div>\n\t\t\t\t\t\t<\/div>\n\t\t\t\t<\/div>\n\t\t\t\t\t<\/div>\n\t\t<\/div>\n\t\t\t\t<div class=\"elementor-column elementor-col-50 elementor-top-column elementor-element elementor-element-3518697\" data-id=\"3518697\" data-element_type=\"column\" data-settings=\"{&quot;background_background&quot;:&quot;classic&quot;}\">\n\t\t\t<div class=\"elementor-widget-wrap elementor-element-populated\">\n\t\t\t\t\t<div class=\"elementor-background-overlay\"><\/div>\n\t\t\t\t\t\t<section class=\"elementor-section elementor-inner-section elementor-element elementor-element-978414b elementor-section-boxed elementor-section-height-default elementor-section-height-default wpr-particle-no wpr-jarallax-no wpr-parallax-no wpr-sticky-section-no\" data-id=\"978414b\" data-element_type=\"section\">\n\t\t\t\t\t\t<div class=\"elementor-container elementor-column-gap-default\">\n\t\t\t\t\t<div class=\"elementor-column elementor-col-100 elementor-inner-column elementor-element elementor-element-71ef55a\" data-id=\"71ef55a\" data-element_type=\"column\" data-settings=\"{&quot;background_background&quot;:&quot;classic&quot;}\">\n\t\t\t<div class=\"elementor-widget-wrap elementor-element-populated\">\n\t\t\t\t\t\t<div class=\"elementor-element elementor-element-c239624 elementor-widget elementor-widget-heading\" data-id=\"c239624\" data-element_type=\"widget\" data-widget_type=\"heading.default\">\n\t\t\t\t<div class=\"elementor-widget-container\">\n\t\t\t\t\t<p class=\"elementor-heading-title elementor-size-default\">Printing forme production<\/p>\t\t\t\t<\/div>\n\t\t\t\t<\/div>\n\t\t\t\t<div class=\"elementor-element elementor-element-8b1a267 elementor-widget elementor-widget-heading\" data-id=\"8b1a267\" data-element_type=\"widget\" data-widget_type=\"heading.default\">\n\t\t\t\t<div class=\"elementor-widget-container\">\n\t\t\t\t\t<h1 class=\"elementor-heading-title elementor-size-default\">Film exposure<\/h1>\t\t\t\t<\/div>\n\t\t\t\t<\/div>\n\t\t\t\t\t<\/div>\n\t\t<\/div>\n\t\t\t\t\t<\/div>\n\t\t<\/section>\n\t\t\t\t\t<\/div>\n\t\t<\/div>\n\t\t\t\t\t<\/div>\n\t\t<\/section>\n\t\t\t\t<section class=\"elementor-section elementor-top-section elementor-element elementor-element-5b99d3d elementor-section-boxed elementor-section-height-default elementor-section-height-default wpr-particle-no wpr-jarallax-no wpr-parallax-no wpr-sticky-section-no\" data-id=\"5b99d3d\" data-element_type=\"section\">\n\t\t\t\t\t\t\t<div class=\"elementor-background-overlay\"><\/div>\n\t\t\t\t\t\t\t<div class=\"elementor-container elementor-column-gap-default\">\n\t\t\t\t\t<div class=\"elementor-column elementor-col-100 elementor-top-column elementor-element elementor-element-e9da8b1\" data-id=\"e9da8b1\" data-element_type=\"column\">\n\t\t\t<div class=\"elementor-widget-wrap elementor-element-populated\">\n\t\t\t\t\t\t<div class=\"elementor-element elementor-element-bb08e21 stroke elementor-widget elementor-widget-heading\" data-id=\"bb08e21\" data-element_type=\"widget\" data-widget_type=\"heading.default\">\n\t\t\t\t<div class=\"elementor-widget-container\">\n\t\t\t\t\t<h2 class=\"elementor-heading-title elementor-size-default\">Large format film exposure<\/h2>\t\t\t\t<\/div>\n\t\t\t\t<\/div>\n\t\t\t\t<section class=\"elementor-section elementor-inner-section elementor-element elementor-element-75fbd84 elementor-section-full_width elementor-reverse-tablet elementor-reverse-mobile elementor-section-height-default elementor-section-height-default wpr-particle-no wpr-jarallax-no wpr-parallax-no wpr-sticky-section-no\" data-id=\"75fbd84\" data-element_type=\"section\">\n\t\t\t\t\t\t<div class=\"elementor-container elementor-column-gap-default\">\n\t\t\t\t\t<div class=\"elementor-column elementor-col-50 elementor-inner-column elementor-element elementor-element-32f453f\" data-id=\"32f453f\" data-element_type=\"column\">\n\t\t\t<div class=\"elementor-widget-wrap elementor-element-populated\">\n\t\t\t\t\t\t<div class=\"elementor-element elementor-element-a0973bc unfold-texte elementor-widget elementor-widget-text-editor\" data-id=\"a0973bc\" data-element_type=\"widget\" data-widget_type=\"text-editor.default\">\n\t\t\t\t<div class=\"elementor-widget-container\">\n\t\t\t\t\t\t\t\t\t<p>Based on all common file formats and for all common printing processes, we offer you our professional <strong>Film exposures<\/strong> to. We produce large-format film exposures for screen printing, <a href=\"https:\/\/kostlin.de\/en\/services\/druckformherstellung\/kodak-flexcel-nx\/\">Flexo printing<\/a>pad printing and offset printing, making us one of the specialists for oversize format exposures.<\/p><p>To ensure a flawless result in print, we check your data meticulously and in several steps for possible sources of error such as fonts or trappings.<\/p><p>For your special requirements in terms of screen widths or dot shapes, the specifications must be stated accordingly.<\/p>\t\t\t\t\t\t\t\t<\/div>\n\t\t\t\t<\/div>\n\t\t\t\t\t<\/div>\n\t\t<\/div>\n\t\t\t\t<div class=\"elementor-column elementor-col-50 elementor-inner-column elementor-element elementor-element-f19690c\" data-id=\"f19690c\" data-element_type=\"column\" data-settings=\"{&quot;background_background&quot;:&quot;classic&quot;}\">\n\t\t\t<div class=\"elementor-widget-wrap elementor-element-populated\">\n\t\t\t\t\t\t<div class=\"elementor-element elementor-element-05355ea unfold-texte elementor-widget elementor-widget-text-editor\" data-id=\"05355ea\" data-element_type=\"widget\" data-widget_type=\"text-editor.default\">\n\t\t\t\t<div class=\"elementor-widget-container\">\n\t\t\t\t\t\t\t\t\t<h3 style=\"font-size: 16px;\"><strong>Our exposure formats<\/strong><\/h3><ul><li>Maximum exposure format KODAK DITR: 102.7 x 148.4 cm<\/li><li>Maximum exposure format FOLEX DryFilm: 125.0 x 201.2 cm<\/li><\/ul><p>\u00a0<\/p><h3 style=\"font-size: 16px;\"><strong>Your advantages<\/strong><\/h3><ul><li>State-of-the-art technology<\/li><li>Precise, accurate exposure<\/li><li>Fast film creation and delivery<\/li><li>Small and large format<\/li><\/ul>\t\t\t\t\t\t\t\t<\/div>\n\t\t\t\t<\/div>\n\t\t\t\t\t<\/div>\n\t\t<\/div>\n\t\t\t\t\t<\/div>\n\t\t<\/section>\n\t\t\t\t\t<\/div>\n\t\t<\/div>\n\t\t\t\t\t<\/div>\n\t\t<\/section>\n\t\t\t\t<\/div>","protected":false},"excerpt":{"rendered":"<p>Printing plate production Film exposure Large-format film exposure We offer you our professional film exposures based on all common file formats and for all common printing processes. We produce large-format film exposures for screen printing, flexographic printing, pad printing and offset printing, making us one of the specialists for oversize format exposures. To ensure flawless printing results, we meticulously check your data in several stages for possible sources of error such as fonts or trapping. For your special requirements regarding screen rulings or dot shapes, the specifications must be stated accordingly. Our exposure formats Maximum exposure format KODAK DITR: 102.7 x 148.4 cm Maximum exposure format FOLEX DryFilm: 125.0 x 201.2 cm Your benefits State-of-the-art technology Precise, accurate exposure Fast film creation and delivery Small and large format<\/p>","protected":false},"author":1,"featured_media":149,"parent":26,"menu_order":0,"comment_status":"closed","ping_status":"closed","template":"","meta":{"_lmt_disableupdate":"","_lmt_disable":"","footnotes":""},"class_list":["post-2144","page","type-page","status-publish","has-post-thumbnail","hentry"],"yoast_head":"<!-- This site is optimized with the Yoast SEO Premium plugin v26.4 (Yoast SEO v26.4) - https:\/\/yoast.com\/wordpress\/plugins\/seo\/ -->\n<title>Filmbelichtung I Druckformherstellung<\/title>\n<meta name=\"description\" content=\"F\u00fcr die Filmbelichtung stellen unsere Spezialisten f\u00fcr Belichtungen im \u00dcberformat den Siebdruck, Flexodruck, Tampondruck und Offsetdruck her.\" \/>\n<meta name=\"robots\" content=\"index, follow, max-snippet:-1, max-image-preview:large, max-video-preview:-1\" \/>\n<link rel=\"canonical\" href=\"https:\/\/kostlin.de\/en\/services\/druckformherstellung\/filmbelichtung\/\" \/>\n<meta property=\"og:locale\" content=\"en_GB\" \/>\n<meta property=\"og:type\" content=\"article\" \/>\n<meta property=\"og:title\" content=\"Filmbelichtung\" \/>\n<meta property=\"og:description\" content=\"F\u00fcr die Filmbelichtung stellen unsere Spezialisten f\u00fcr Belichtungen im \u00dcberformat den Siebdruck, Flexodruck, Tampondruck und Offsetdruck her.\" \/>\n<meta property=\"og:url\" content=\"https:\/\/kostlin.de\/en\/services\/druckformherstellung\/filmbelichtung\/\" \/>\n<meta property=\"og:site_name\" content=\"K\u00f6stlin\" \/>\n<meta property=\"article:publisher\" content=\"https:\/\/www.facebook.com\/KoestlinPrepress\/?ref=nf\" \/>\n<meta property=\"article:modified_time\" content=\"2024-10-17T11:08:40+00:00\" \/>\n<meta property=\"og:image\" content=\"https:\/\/kostlin.de\/wp-content\/uploads\/2021\/01\/favicon-koestlin-prepress-services-01.png\" \/>\n\t<meta property=\"og:image:width\" content=\"512\" \/>\n\t<meta property=\"og:image:height\" content=\"512\" \/>\n\t<meta property=\"og:image:type\" content=\"image\/webp\" \/>\n<meta name=\"twitter:card\" content=\"summary_large_image\" \/>\n<meta name=\"twitter:label1\" content=\"Estimated reading time\" \/>\n\t<meta name=\"twitter:data1\" content=\"1 minute\" \/>\n<script type=\"application\/ld+json\" class=\"yoast-schema-graph\">{\"@context\":\"https:\/\/schema.org\",\"@graph\":[{\"@type\":\"WebPage\",\"@id\":\"https:\/\/kostlin.de\/services\/druckformherstellung\/filmbelichtung\/\",\"url\":\"https:\/\/kostlin.de\/services\/druckformherstellung\/filmbelichtung\/\",\"name\":\"Filmbelichtung I Druckformherstellung\",\"isPartOf\":{\"@id\":\"https:\/\/kostlin.de\/#website\"},\"primaryImageOfPage\":{\"@id\":\"https:\/\/kostlin.de\/services\/druckformherstellung\/filmbelichtung\/#primaryimage\"},\"image\":{\"@id\":\"https:\/\/kostlin.de\/services\/druckformherstellung\/filmbelichtung\/#primaryimage\"},\"thumbnailUrl\":\"https:\/\/kostlin.de\/wp-content\/uploads\/2021\/01\/favicon-koestlin-prepress-services-01.png\",\"datePublished\":\"2021-07-02T09:35:30+00:00\",\"dateModified\":\"2024-10-17T11:08:40+00:00\",\"description\":\"F\u00fcr die Filmbelichtung stellen unsere Spezialisten f\u00fcr Belichtungen im \u00dcberformat den Siebdruck, Flexodruck, Tampondruck und Offsetdruck her.\",\"breadcrumb\":{\"@id\":\"https:\/\/kostlin.de\/services\/druckformherstellung\/filmbelichtung\/#breadcrumb\"},\"inLanguage\":\"en-GB\",\"potentialAction\":[{\"@type\":\"ReadAction\",\"target\":[\"https:\/\/kostlin.de\/services\/druckformherstellung\/filmbelichtung\/\"]}]},{\"@type\":\"ImageObject\",\"inLanguage\":\"en-GB\",\"@id\":\"https:\/\/kostlin.de\/services\/druckformherstellung\/filmbelichtung\/#primaryimage\",\"url\":\"https:\/\/kostlin.de\/wp-content\/uploads\/2021\/01\/favicon-koestlin-prepress-services-01.png\",\"contentUrl\":\"https:\/\/kostlin.de\/wp-content\/uploads\/2021\/01\/favicon-koestlin-prepress-services-01.png\",\"width\":512,\"height\":512,\"caption\":\"Logo\"},{\"@type\":\"BreadcrumbList\",\"@id\":\"https:\/\/kostlin.de\/services\/druckformherstellung\/filmbelichtung\/#breadcrumb\",\"itemListElement\":[{\"@type\":\"ListItem\",\"position\":1,\"name\":\"Startseite\",\"item\":\"https:\/\/kostlin.de\/\"},{\"@type\":\"ListItem\",\"position\":2,\"name\":\"Services\",\"item\":\"https:\/\/kostlin.de\/services\/\"},{\"@type\":\"ListItem\",\"position\":3,\"name\":\"Druckformherstellung\",\"item\":\"https:\/\/kostlin.de\/services\/druckformherstellung\/\"},{\"@type\":\"ListItem\",\"position\":4,\"name\":\"Filmbelichtung\"}]},{\"@type\":\"WebSite\",\"@id\":\"https:\/\/kostlin.de\/#website\",\"url\":\"https:\/\/kostlin.de\/\",\"name\":\"K\u00f6stlin\",\"description\":\"Prepress Services\",\"publisher\":{\"@id\":\"https:\/\/kostlin.de\/#organization\"},\"potentialAction\":[{\"@type\":\"SearchAction\",\"target\":{\"@type\":\"EntryPoint\",\"urlTemplate\":\"https:\/\/kostlin.de\/?s={search_term_string}\"},\"query-input\":{\"@type\":\"PropertyValueSpecification\",\"valueRequired\":true,\"valueName\":\"search_term_string\"}}],\"inLanguage\":\"en-GB\"},{\"@type\":\"Organization\",\"@id\":\"https:\/\/kostlin.de\/#organization\",\"name\":\"K\u00f6stlin\",\"url\":\"https:\/\/kostlin.de\/\",\"logo\":{\"@type\":\"ImageObject\",\"inLanguage\":\"en-GB\",\"@id\":\"https:\/\/kostlin.de\/#\/schema\/logo\/image\/\",\"url\":\"https:\/\/kostlin.de\/wp-content\/uploads\/2020\/12\/Koestlin-web.webp\",\"contentUrl\":\"https:\/\/kostlin.de\/wp-content\/uploads\/2020\/12\/Koestlin-web.webp\",\"width\":265,\"height\":80,\"caption\":\"K\u00f6stlin\"},\"image\":{\"@id\":\"https:\/\/kostlin.de\/#\/schema\/logo\/image\/\"},\"sameAs\":[\"https:\/\/www.facebook.com\/KoestlinPrepress\/?ref=nf\",\"https:\/\/www.instagram.com\/kostlin_prepress\/?hl=de\",\"https:\/\/www.youtube.com\/watch?v=xELYEWc5ZVQ&amp;amp;amp;amp;t=35s\"]}]}<\/script>\n<!-- \/ Yoast SEO Premium plugin. -->","yoast_head_json":{"title":"Film exposure I Printing forme production","description":"For film exposure, our oversize format exposure specialists produce screen printing, flexo printing, pad printing and offset printing.","robots":{"index":"index","follow":"follow","max-snippet":"max-snippet:-1","max-image-preview":"max-image-preview:large","max-video-preview":"max-video-preview:-1"},"canonical":"https:\/\/kostlin.de\/en\/services\/druckformherstellung\/filmbelichtung\/","og_locale":"en_GB","og_type":"article","og_title":"Filmbelichtung","og_description":"F\u00fcr die Filmbelichtung stellen unsere Spezialisten f\u00fcr Belichtungen im \u00dcberformat den Siebdruck, Flexodruck, Tampondruck und Offsetdruck her.","og_url":"https:\/\/kostlin.de\/en\/services\/druckformherstellung\/filmbelichtung\/","og_site_name":"K\u00f6stlin","article_publisher":"https:\/\/www.facebook.com\/KoestlinPrepress\/?ref=nf","article_modified_time":"2024-10-17T11:08:40+00:00","og_image":[{"width":512,"height":512,"url":"https:\/\/kostlin.de\/wp-content\/uploads\/2021\/01\/favicon-koestlin-prepress-services-01.png","type":"image\/webp"}],"twitter_card":"summary_large_image","twitter_misc":{"Estimated reading time":"1 minute"},"schema":{"@context":"https:\/\/schema.org","@graph":[{"@type":"WebPage","@id":"https:\/\/kostlin.de\/services\/druckformherstellung\/filmbelichtung\/","url":"https:\/\/kostlin.de\/services\/druckformherstellung\/filmbelichtung\/","name":"Film exposure I Printing forme production","isPartOf":{"@id":"https:\/\/kostlin.de\/#website"},"primaryImageOfPage":{"@id":"https:\/\/kostlin.de\/services\/druckformherstellung\/filmbelichtung\/#primaryimage"},"image":{"@id":"https:\/\/kostlin.de\/services\/druckformherstellung\/filmbelichtung\/#primaryimage"},"thumbnailUrl":"https:\/\/kostlin.de\/wp-content\/uploads\/2021\/01\/favicon-koestlin-prepress-services-01.png","datePublished":"2021-07-02T09:35:30+00:00","dateModified":"2024-10-17T11:08:40+00:00","description":"For film exposure, our oversize format exposure specialists produce screen printing, flexo printing, pad printing and offset printing.","breadcrumb":{"@id":"https:\/\/kostlin.de\/services\/druckformherstellung\/filmbelichtung\/#breadcrumb"},"inLanguage":"en-GB","potentialAction":[{"@type":"ReadAction","target":["https:\/\/kostlin.de\/services\/druckformherstellung\/filmbelichtung\/"]}]},{"@type":"ImageObject","inLanguage":"en-GB","@id":"https:\/\/kostlin.de\/services\/druckformherstellung\/filmbelichtung\/#primaryimage","url":"https:\/\/kostlin.de\/wp-content\/uploads\/2021\/01\/favicon-koestlin-prepress-services-01.png","contentUrl":"https:\/\/kostlin.de\/wp-content\/uploads\/2021\/01\/favicon-koestlin-prepress-services-01.png","width":512,"height":512,"caption":"Logo"},{"@type":"BreadcrumbList","@id":"https:\/\/kostlin.de\/services\/druckformherstellung\/filmbelichtung\/#breadcrumb","itemListElement":[{"@type":"ListItem","position":1,"name":"Startseite","item":"https:\/\/kostlin.de\/"},{"@type":"ListItem","position":2,"name":"Services","item":"https:\/\/kostlin.de\/services\/"},{"@type":"ListItem","position":3,"name":"Druckformherstellung","item":"https:\/\/kostlin.de\/services\/druckformherstellung\/"},{"@type":"ListItem","position":4,"name":"Filmbelichtung"}]},{"@type":"WebSite","@id":"https:\/\/kostlin.de\/#website","url":"https:\/\/kostlin.de\/","name":"K\u00f6stlin","description":"Prepress Services","publisher":{"@id":"https:\/\/kostlin.de\/#organization"},"potentialAction":[{"@type":"SearchAction","target":{"@type":"EntryPoint","urlTemplate":"https:\/\/kostlin.de\/?s={search_term_string}"},"query-input":{"@type":"PropertyValueSpecification","valueRequired":true,"valueName":"search_term_string"}}],"inLanguage":"en-GB"},{"@type":"Organization","@id":"https:\/\/kostlin.de\/#organization","name":"K\u00f6stlin","url":"https:\/\/kostlin.de\/","logo":{"@type":"ImageObject","inLanguage":"en-GB","@id":"https:\/\/kostlin.de\/#\/schema\/logo\/image\/","url":"https:\/\/kostlin.de\/wp-content\/uploads\/2020\/12\/Koestlin-web.webp","contentUrl":"https:\/\/kostlin.de\/wp-content\/uploads\/2020\/12\/Koestlin-web.webp","width":265,"height":80,"caption":"K\u00f6stlin"},"image":{"@id":"https:\/\/kostlin.de\/#\/schema\/logo\/image\/"},"sameAs":["https:\/\/www.facebook.com\/KoestlinPrepress\/?ref=nf","https:\/\/www.instagram.com\/kostlin_prepress\/?hl=de","https:\/\/www.youtube.com\/watch?v=xELYEWc5ZVQ&amp;amp;amp;amp;t=35s"]}]}},"_links":{"self":[{"href":"https:\/\/kostlin.de\/en\/wp-json\/wp\/v2\/pages\/2144","targetHints":{"allow":["GET"]}}],"collection":[{"href":"https:\/\/kostlin.de\/en\/wp-json\/wp\/v2\/pages"}],"about":[{"href":"https:\/\/kostlin.de\/en\/wp-json\/wp\/v2\/types\/page"}],"author":[{"embeddable":true,"href":"https:\/\/kostlin.de\/en\/wp-json\/wp\/v2\/users\/1"}],"replies":[{"embeddable":true,"href":"https:\/\/kostlin.de\/en\/wp-json\/wp\/v2\/comments?post=2144"}],"version-history":[{"count":15,"href":"https:\/\/kostlin.de\/en\/wp-json\/wp\/v2\/pages\/2144\/revisions"}],"predecessor-version":[{"id":7742,"href":"https:\/\/kostlin.de\/en\/wp-json\/wp\/v2\/pages\/2144\/revisions\/7742"}],"up":[{"embeddable":true,"href":"https:\/\/kostlin.de\/en\/wp-json\/wp\/v2\/pages\/26"}],"wp:featuredmedia":[{"embeddable":true,"href":"https:\/\/kostlin.de\/en\/wp-json\/wp\/v2\/media\/149"}],"wp:attachment":[{"href":"https:\/\/kostlin.de\/en\/wp-json\/wp\/v2\/media?parent=2144"}],"curies":[{"name":"wp","href":"https:\/\/api.w.org\/{rel}","templated":true}]}}