{"id":3999,"date":"2021-10-18T10:28:49","date_gmt":"2021-10-18T08:28:49","guid":{"rendered":"https:\/\/kostlin.de\/?page_id=3999"},"modified":"2024-10-16T15:00:01","modified_gmt":"2024-10-16T13:00:01","slug":"kodak-flexcel-nx","status":"publish","type":"page","link":"https:\/\/kostlin.de\/en\/services\/druckformherstellung\/kodak-flexcel-nx\/","title":{"rendered":"Kodak Flexcel NX"},"content":{"rendered":"<div data-elementor-type=\"wp-page\" data-elementor-id=\"3999\" class=\"elementor elementor-3999\" data-elementor-post-type=\"page\">\n\t\t\t\t\t\t<section class=\"elementor-section elementor-top-section elementor-element elementor-element-8522892 elementor-section-full_width elementor-section-height-default elementor-section-height-default wpr-particle-no wpr-jarallax-no wpr-parallax-no wpr-sticky-section-no\" data-id=\"8522892\" data-element_type=\"section\" data-settings=\"{&quot;background_background&quot;:&quot;classic&quot;}\">\n\t\t\t\t\t\t<div class=\"elementor-container elementor-column-gap-default\">\n\t\t\t\t\t<div class=\"elementor-column elementor-col-50 elementor-top-column elementor-element elementor-element-3e85dea\" data-id=\"3e85dea\" data-element_type=\"column\" data-settings=\"{&quot;background_background&quot;:&quot;classic&quot;}\">\n\t\t\t<div class=\"elementor-widget-wrap elementor-element-populated\">\n\t\t\t\t\t\t<div class=\"elementor-element elementor-element-5708f1d elementor-widget elementor-widget-spacer\" data-id=\"5708f1d\" data-element_type=\"widget\" data-widget_type=\"spacer.default\">\n\t\t\t\t<div class=\"elementor-widget-container\">\n\t\t\t\t\t\t\t<div class=\"elementor-spacer\">\n\t\t\t<div class=\"elementor-spacer-inner\"><\/div>\n\t\t<\/div>\n\t\t\t\t\t\t<\/div>\n\t\t\t\t<\/div>\n\t\t\t\t\t<\/div>\n\t\t<\/div>\n\t\t\t\t<div class=\"elementor-column elementor-col-50 elementor-top-column elementor-element elementor-element-7040b03\" data-id=\"7040b03\" data-element_type=\"column\" data-settings=\"{&quot;background_background&quot;:&quot;classic&quot;}\">\n\t\t\t<div class=\"elementor-widget-wrap elementor-element-populated\">\n\t\t\t\t\t<div class=\"elementor-background-overlay\"><\/div>\n\t\t\t\t\t\t<section class=\"elementor-section elementor-inner-section elementor-element elementor-element-5a4040f elementor-section-boxed elementor-section-height-default elementor-section-height-default wpr-particle-no wpr-jarallax-no wpr-parallax-no wpr-sticky-section-no\" data-id=\"5a4040f\" data-element_type=\"section\">\n\t\t\t\t\t\t<div class=\"elementor-container elementor-column-gap-default\">\n\t\t\t\t\t<div class=\"elementor-column elementor-col-100 elementor-inner-column elementor-element elementor-element-bb9be32\" data-id=\"bb9be32\" data-element_type=\"column\" data-settings=\"{&quot;background_background&quot;:&quot;classic&quot;}\">\n\t\t\t<div class=\"elementor-widget-wrap elementor-element-populated\">\n\t\t\t\t\t\t<div class=\"elementor-element elementor-element-318ebda elementor-widget elementor-widget-heading\" data-id=\"318ebda\" data-element_type=\"widget\" data-widget_type=\"heading.default\">\n\t\t\t\t<div class=\"elementor-widget-container\">\n\t\t\t\t\t<p class=\"elementor-heading-title elementor-size-default\">Printing forme production<\/p>\t\t\t\t<\/div>\n\t\t\t\t<\/div>\n\t\t\t\t<div class=\"elementor-element elementor-element-1f9f452 elementor-widget elementor-widget-heading\" data-id=\"1f9f452\" data-element_type=\"widget\" data-widget_type=\"heading.default\">\n\t\t\t\t<div class=\"elementor-widget-container\">\n\t\t\t\t\t<h1 class=\"elementor-heading-title elementor-size-default\">KODAK FLEXCEL NX<\/h1>\t\t\t\t<\/div>\n\t\t\t\t<\/div>\n\t\t\t\t\t<\/div>\n\t\t<\/div>\n\t\t\t\t\t<\/div>\n\t\t<\/section>\n\t\t\t\t\t<\/div>\n\t\t<\/div>\n\t\t\t\t\t<\/div>\n\t\t<\/section>\n\t\t\t\t<section class=\"elementor-section elementor-top-section elementor-element elementor-element-145f1c5 elementor-section-boxed elementor-section-height-default elementor-section-height-default wpr-particle-no wpr-jarallax-no wpr-parallax-no wpr-sticky-section-no\" data-id=\"145f1c5\" data-element_type=\"section\">\n\t\t\t\t\t\t\t<div class=\"elementor-background-overlay\"><\/div>\n\t\t\t\t\t\t\t<div class=\"elementor-container elementor-column-gap-default\">\n\t\t\t\t\t<div class=\"elementor-column elementor-col-100 elementor-top-column elementor-element elementor-element-c9e9abf\" data-id=\"c9e9abf\" data-element_type=\"column\">\n\t\t\t<div class=\"elementor-widget-wrap elementor-element-populated\">\n\t\t\t\t\t\t<div class=\"elementor-element elementor-element-e075567 stroke elementor-widget elementor-widget-heading\" data-id=\"e075567\" data-element_type=\"widget\" data-widget_type=\"heading.default\">\n\t\t\t\t<div class=\"elementor-widget-container\">\n\t\t\t\t\t<h2 class=\"elementor-heading-title elementor-size-default\">INNOVATION IN FLEXOGRAPHIC PRINTING<\/h2>\t\t\t\t<\/div>\n\t\t\t\t<\/div>\n\t\t\t\t<section class=\"elementor-section elementor-inner-section elementor-element elementor-element-77036ab elementor-section-full_width elementor-reverse-tablet elementor-reverse-mobile elementor-section-height-default elementor-section-height-default wpr-particle-no wpr-jarallax-no wpr-parallax-no wpr-sticky-section-no\" data-id=\"77036ab\" data-element_type=\"section\">\n\t\t\t\t\t\t<div class=\"elementor-container elementor-column-gap-default\">\n\t\t\t\t\t<div class=\"elementor-column elementor-col-50 elementor-inner-column elementor-element elementor-element-ff410ed\" data-id=\"ff410ed\" data-element_type=\"column\">\n\t\t\t<div class=\"elementor-widget-wrap elementor-element-populated\">\n\t\t\t\t\t\t<div class=\"elementor-element elementor-element-123e673 unfold-texte elementor-widget elementor-widget-text-editor\" data-id=\"123e673\" data-element_type=\"widget\" data-widget_type=\"text-editor.default\">\n\t\t\t\t<div class=\"elementor-widget-container\">\n\t\t\t\t\t\t\t\t\t<p>With the Kodak Flexcel NX system for the&nbsp;<a href=\"https:\/\/kostlin.de\/en\/services\/druckformherstellung\/\">Printing forme production<\/a>&nbsp;we enable an extraordinary <b>Print quality.<\/b>&nbsp;A quality that goes far beyond the previous capabilities of flexographic printing. The fine image reproduction and high print densities made possible by the Flexcel NX system ensure a quality that gives you a competitive edge.<\/p>\n<p>A variety of individual screen types and technologies are available here. This enables the best possible result to be achieved for every requirement. The colours are generally brighter and colour gradients are much smoother.<\/p>\n<p>Overall, the possibilities of qualitative <b>high-quality flexographic printing<\/b> The Flexcel NX system makes it possible to utilise a wide range of printing possibilities and, thanks to individual microcell structures, it can also be adapted particularly well to the printing conditions.<\/p>\t\t\t\t\t\t\t\t<\/div>\n\t\t\t\t<\/div>\n\t\t\t\t\t<\/div>\n\t\t<\/div>\n\t\t\t\t<div class=\"elementor-column elementor-col-50 elementor-inner-column elementor-element elementor-element-b890baa\" data-id=\"b890baa\" data-element_type=\"column\" data-settings=\"{&quot;background_background&quot;:&quot;classic&quot;}\">\n\t\t\t<div class=\"elementor-widget-wrap elementor-element-populated\">\n\t\t\t\t\t\t<div class=\"elementor-element elementor-element-e253849 elementor-widget elementor-widget-spacer\" data-id=\"e253849\" data-element_type=\"widget\" data-widget_type=\"spacer.default\">\n\t\t\t\t<div class=\"elementor-widget-container\">\n\t\t\t\t\t\t\t<div class=\"elementor-spacer\">\n\t\t\t<div class=\"elementor-spacer-inner\"><\/div>\n\t\t<\/div>\n\t\t\t\t\t\t<\/div>\n\t\t\t\t<\/div>\n\t\t\t\t\t<\/div>\n\t\t<\/div>\n\t\t\t\t\t<\/div>\n\t\t<\/section>\n\t\t\t\t\t<\/div>\n\t\t<\/div>\n\t\t\t\t\t<\/div>\n\t\t<\/section>\n\t\t\t\t<\/div>","protected":false},"excerpt":{"rendered":"<p>Printing form production KODAK FLEXCEL NX INNOVATION IN FLEXO PRINTING With the Kodak Flexcel NX system for printing form production, we enable exceptional print quality. A quality that goes far beyond the previous capabilities of flexographic printing. The fine image reproduction and high print densities made possible by the Flexcel NX system ensure a quality that gives you a competitive edge. A wide range of individual screen types and technologies are available. This enables the best possible result to be achieved for every requirement. Colours are generally brighter and colour gradients are much smoother. Overall, the possibilities of high-quality flexographic printing can be exploited to the full with the Flexcel NX system and, thanks to customised Microcell structures, can also be adapted particularly well to the printing conditions.<\/p>","protected":false},"author":1,"featured_media":0,"parent":26,"menu_order":0,"comment_status":"closed","ping_status":"closed","template":"elementor_header_footer","meta":{"_lmt_disableupdate":"","_lmt_disable":"","footnotes":""},"class_list":["post-3999","page","type-page","status-publish","hentry"],"yoast_head":"<!-- This site is optimized with the Yoast SEO Premium plugin v26.4 (Yoast SEO v26.4) - https:\/\/yoast.com\/wordpress\/plugins\/seo\/ -->\n<title>Kodak Flexcel NX I H\u00f6chste Qualit\u00e4t in der Klischeeherstellung<\/title>\n<meta name=\"description\" content=\"Mit dem Kodak Flexcel NX System zur Druckformherstellung erm\u00f6glichen wir eine au\u00dfergew\u00f6hnliche Druckqualit\u00e4t f\u00fcr den Flexodruck.\" \/>\n<meta name=\"robots\" content=\"index, follow, max-snippet:-1, max-image-preview:large, max-video-preview:-1\" \/>\n<link rel=\"canonical\" href=\"https:\/\/kostlin.de\/en\/services\/druckformherstellung\/kodak-flexcel-nx\/\" \/>\n<meta property=\"og:locale\" content=\"en_GB\" \/>\n<meta property=\"og:type\" content=\"article\" \/>\n<meta property=\"og:title\" content=\"Kodak Flexcel NX\" \/>\n<meta property=\"og:description\" content=\"Mit dem Kodak Flexcel NX System zur Druckformherstellung erm\u00f6glichen wir eine au\u00dfergew\u00f6hnliche Druckqualit\u00e4t f\u00fcr den Flexodruck.\" \/>\n<meta property=\"og:url\" content=\"https:\/\/kostlin.de\/en\/services\/druckformherstellung\/kodak-flexcel-nx\/\" \/>\n<meta property=\"og:site_name\" content=\"K\u00f6stlin\" \/>\n<meta property=\"article:publisher\" content=\"https:\/\/www.facebook.com\/KoestlinPrepress\/?ref=nf\" \/>\n<meta property=\"article:modified_time\" content=\"2024-10-16T13:00:01+00:00\" \/>\n<meta name=\"twitter:card\" content=\"summary_large_image\" \/>\n<meta name=\"twitter:label1\" content=\"Estimated reading time\" \/>\n\t<meta name=\"twitter:data1\" content=\"1 minute\" \/>\n<script type=\"application\/ld+json\" class=\"yoast-schema-graph\">{\"@context\":\"https:\/\/schema.org\",\"@graph\":[{\"@type\":\"WebPage\",\"@id\":\"https:\/\/kostlin.de\/services\/druckformherstellung\/kodak-flexcel-nx\/\",\"url\":\"https:\/\/kostlin.de\/services\/druckformherstellung\/kodak-flexcel-nx\/\",\"name\":\"Kodak Flexcel NX I H\u00f6chste Qualit\u00e4t in der Klischeeherstellung\",\"isPartOf\":{\"@id\":\"https:\/\/kostlin.de\/#website\"},\"datePublished\":\"2021-10-18T08:28:49+00:00\",\"dateModified\":\"2024-10-16T13:00:01+00:00\",\"description\":\"Mit dem Kodak Flexcel NX System zur Druckformherstellung erm\u00f6glichen wir eine au\u00dfergew\u00f6hnliche Druckqualit\u00e4t f\u00fcr den Flexodruck.\",\"breadcrumb\":{\"@id\":\"https:\/\/kostlin.de\/services\/druckformherstellung\/kodak-flexcel-nx\/#breadcrumb\"},\"inLanguage\":\"en-GB\",\"potentialAction\":[{\"@type\":\"ReadAction\",\"target\":[\"https:\/\/kostlin.de\/services\/druckformherstellung\/kodak-flexcel-nx\/\"]}]},{\"@type\":\"BreadcrumbList\",\"@id\":\"https:\/\/kostlin.de\/services\/druckformherstellung\/kodak-flexcel-nx\/#breadcrumb\",\"itemListElement\":[{\"@type\":\"ListItem\",\"position\":1,\"name\":\"Startseite\",\"item\":\"https:\/\/kostlin.de\/\"},{\"@type\":\"ListItem\",\"position\":2,\"name\":\"Services\",\"item\":\"https:\/\/kostlin.de\/services\/\"},{\"@type\":\"ListItem\",\"position\":3,\"name\":\"Druckformherstellung\",\"item\":\"https:\/\/kostlin.de\/services\/druckformherstellung\/\"},{\"@type\":\"ListItem\",\"position\":4,\"name\":\"Kodak Flexcel NX\"}]},{\"@type\":\"WebSite\",\"@id\":\"https:\/\/kostlin.de\/#website\",\"url\":\"https:\/\/kostlin.de\/\",\"name\":\"K\u00f6stlin\",\"description\":\"Prepress Services\",\"publisher\":{\"@id\":\"https:\/\/kostlin.de\/#organization\"},\"potentialAction\":[{\"@type\":\"SearchAction\",\"target\":{\"@type\":\"EntryPoint\",\"urlTemplate\":\"https:\/\/kostlin.de\/?s={search_term_string}\"},\"query-input\":{\"@type\":\"PropertyValueSpecification\",\"valueRequired\":true,\"valueName\":\"search_term_string\"}}],\"inLanguage\":\"en-GB\"},{\"@type\":\"Organization\",\"@id\":\"https:\/\/kostlin.de\/#organization\",\"name\":\"K\u00f6stlin\",\"url\":\"https:\/\/kostlin.de\/\",\"logo\":{\"@type\":\"ImageObject\",\"inLanguage\":\"en-GB\",\"@id\":\"https:\/\/kostlin.de\/#\/schema\/logo\/image\/\",\"url\":\"https:\/\/kostlin.de\/wp-content\/uploads\/2020\/12\/Koestlin-web.webp\",\"contentUrl\":\"https:\/\/kostlin.de\/wp-content\/uploads\/2020\/12\/Koestlin-web.webp\",\"width\":265,\"height\":80,\"caption\":\"K\u00f6stlin\"},\"image\":{\"@id\":\"https:\/\/kostlin.de\/#\/schema\/logo\/image\/\"},\"sameAs\":[\"https:\/\/www.facebook.com\/KoestlinPrepress\/?ref=nf\",\"https:\/\/www.instagram.com\/kostlin_prepress\/?hl=de\",\"https:\/\/www.youtube.com\/watch?v=xELYEWc5ZVQ&amp;amp;amp;amp;t=35s\"]}]}<\/script>\n<!-- \/ Yoast SEO Premium plugin. -->","yoast_head_json":{"title":"Kodak Flexcel NX I Highest quality in clich\u00e9 production","description":"With the Kodak Flexcel NX system for plate making, we enable exceptional print quality for flexo printing.","robots":{"index":"index","follow":"follow","max-snippet":"max-snippet:-1","max-image-preview":"max-image-preview:large","max-video-preview":"max-video-preview:-1"},"canonical":"https:\/\/kostlin.de\/en\/services\/druckformherstellung\/kodak-flexcel-nx\/","og_locale":"en_GB","og_type":"article","og_title":"Kodak Flexcel NX","og_description":"Mit dem Kodak Flexcel NX System zur Druckformherstellung erm\u00f6glichen wir eine au\u00dfergew\u00f6hnliche Druckqualit\u00e4t f\u00fcr den Flexodruck.","og_url":"https:\/\/kostlin.de\/en\/services\/druckformherstellung\/kodak-flexcel-nx\/","og_site_name":"K\u00f6stlin","article_publisher":"https:\/\/www.facebook.com\/KoestlinPrepress\/?ref=nf","article_modified_time":"2024-10-16T13:00:01+00:00","twitter_card":"summary_large_image","twitter_misc":{"Estimated reading time":"1 minute"},"schema":{"@context":"https:\/\/schema.org","@graph":[{"@type":"WebPage","@id":"https:\/\/kostlin.de\/services\/druckformherstellung\/kodak-flexcel-nx\/","url":"https:\/\/kostlin.de\/services\/druckformherstellung\/kodak-flexcel-nx\/","name":"Kodak Flexcel NX I Highest quality in clich\u00e9 production","isPartOf":{"@id":"https:\/\/kostlin.de\/#website"},"datePublished":"2021-10-18T08:28:49+00:00","dateModified":"2024-10-16T13:00:01+00:00","description":"With the Kodak Flexcel NX system for plate making, we enable exceptional print quality for flexo printing.","breadcrumb":{"@id":"https:\/\/kostlin.de\/services\/druckformherstellung\/kodak-flexcel-nx\/#breadcrumb"},"inLanguage":"en-GB","potentialAction":[{"@type":"ReadAction","target":["https:\/\/kostlin.de\/services\/druckformherstellung\/kodak-flexcel-nx\/"]}]},{"@type":"BreadcrumbList","@id":"https:\/\/kostlin.de\/services\/druckformherstellung\/kodak-flexcel-nx\/#breadcrumb","itemListElement":[{"@type":"ListItem","position":1,"name":"Startseite","item":"https:\/\/kostlin.de\/"},{"@type":"ListItem","position":2,"name":"Services","item":"https:\/\/kostlin.de\/services\/"},{"@type":"ListItem","position":3,"name":"Druckformherstellung","item":"https:\/\/kostlin.de\/services\/druckformherstellung\/"},{"@type":"ListItem","position":4,"name":"Kodak Flexcel NX"}]},{"@type":"WebSite","@id":"https:\/\/kostlin.de\/#website","url":"https:\/\/kostlin.de\/","name":"K\u00f6stlin","description":"Prepress Services","publisher":{"@id":"https:\/\/kostlin.de\/#organization"},"potentialAction":[{"@type":"SearchAction","target":{"@type":"EntryPoint","urlTemplate":"https:\/\/kostlin.de\/?s={search_term_string}"},"query-input":{"@type":"PropertyValueSpecification","valueRequired":true,"valueName":"search_term_string"}}],"inLanguage":"en-GB"},{"@type":"Organization","@id":"https:\/\/kostlin.de\/#organization","name":"K\u00f6stlin","url":"https:\/\/kostlin.de\/","logo":{"@type":"ImageObject","inLanguage":"en-GB","@id":"https:\/\/kostlin.de\/#\/schema\/logo\/image\/","url":"https:\/\/kostlin.de\/wp-content\/uploads\/2020\/12\/Koestlin-web.webp","contentUrl":"https:\/\/kostlin.de\/wp-content\/uploads\/2020\/12\/Koestlin-web.webp","width":265,"height":80,"caption":"K\u00f6stlin"},"image":{"@id":"https:\/\/kostlin.de\/#\/schema\/logo\/image\/"},"sameAs":["https:\/\/www.facebook.com\/KoestlinPrepress\/?ref=nf","https:\/\/www.instagram.com\/kostlin_prepress\/?hl=de","https:\/\/www.youtube.com\/watch?v=xELYEWc5ZVQ&amp;amp;amp;amp;t=35s"]}]}},"_links":{"self":[{"href":"https:\/\/kostlin.de\/en\/wp-json\/wp\/v2\/pages\/3999","targetHints":{"allow":["GET"]}}],"collection":[{"href":"https:\/\/kostlin.de\/en\/wp-json\/wp\/v2\/pages"}],"about":[{"href":"https:\/\/kostlin.de\/en\/wp-json\/wp\/v2\/types\/page"}],"author":[{"embeddable":true,"href":"https:\/\/kostlin.de\/en\/wp-json\/wp\/v2\/users\/1"}],"replies":[{"embeddable":true,"href":"https:\/\/kostlin.de\/en\/wp-json\/wp\/v2\/comments?post=3999"}],"version-history":[{"count":9,"href":"https:\/\/kostlin.de\/en\/wp-json\/wp\/v2\/pages\/3999\/revisions"}],"predecessor-version":[{"id":7630,"href":"https:\/\/kostlin.de\/en\/wp-json\/wp\/v2\/pages\/3999\/revisions\/7630"}],"up":[{"embeddable":true,"href":"https:\/\/kostlin.de\/en\/wp-json\/wp\/v2\/pages\/26"}],"wp:attachment":[{"href":"https:\/\/kostlin.de\/en\/wp-json\/wp\/v2\/media?parent=3999"}],"curies":[{"name":"wp","href":"https:\/\/api.w.org\/{rel}","templated":true}]}}